{"id":2658,"date":"2026-01-03T12:39:56","date_gmt":"2026-01-03T04:39:56","guid":{"rendered":"https:\/\/justicevelo.com\/?page_id=2658"},"modified":"2026-01-04T16:59:01","modified_gmt":"2026-01-04T08:59:01","slug":"contact-us","status":"publish","type":"page","link":"https:\/\/justicevelo.com\/de\/contact-us\/","title":{"rendered":"Contact Us"},"content":{"rendered":"<style>.elementor-2658 .elementor-element.elementor-element-18ac592{--display:flex;--flex-direction:row;--container-widget-width:calc( ( 1 - var( --container-widget-flex-grow ) ) * 100% );--container-widget-height:100%;--container-widget-flex-grow:1;--container-widget-align-self:stretch;--flex-wrap-mobile:wrap;--align-items:stretch;--gap:10px 10px;--row-gap:10px;--column-gap:10px;--overlay-opacity:0.82;--padding-top:100px;--padding-bottom:100px;--padding-left:0px;--padding-right:0px;}.elementor-2658 .elementor-element.elementor-element-18ac592:not(.elementor-motion-effects-element-type-background), .elementor-2658 .elementor-element.elementor-element-18ac592 > .elementor-motion-effects-container > .elementor-motion-effects-layer{background-image:url(\"https:\/\/justicevelo.com\/wp-content\/uploads\/2026\/01\/client-is-bringing-the-documents-to-clarify-the-la-2024-11-29-15-58-00-utc-scaled.jpg\");background-position:center center;background-repeat:no-repeat;background-size:cover;}.elementor-2658 .elementor-element.elementor-element-18ac592::before, .elementor-2658 .elementor-element.elementor-element-18ac592 > .elementor-background-video-container::before, .elementor-2658 .elementor-element.elementor-element-18ac592 > .e-con-inner > .elementor-background-video-container::before, .elementor-2658 .elementor-element.elementor-element-18ac592 > .elementor-background-slideshow::before, .elementor-2658 .elementor-element.elementor-element-18ac592 > .e-con-inner > .elementor-background-slideshow::before, .elementor-2658 .elementor-element.elementor-element-18ac592 > .elementor-motion-effects-container > .elementor-motion-effects-layer::before{background-color:#090D19;--background-overlay:'';}.elementor-2658 .elementor-element.elementor-element-adee793{--display:flex;--justify-content:center;--align-items:center;--container-widget-width:calc( ( 1 - var( --container-widget-flex-grow ) ) * 100% );}.elementor-2658 .elementor-element.elementor-element-99faf25{width:var( --container-widget-width, 70% );max-width:70%;margin:0% 0% calc(var(--kit-widget-spacing, 0px) + 0%) 0%;--container-widget-width:70%;--container-widget-flex-grow:0;text-align:center;}.elementor-2658 .elementor-element.elementor-element-99faf25 .elementor-heading-title{font-family:var( --e-global-typography-4b416bd-font-family ), Sans-serif;font-size:var( --e-global-typography-4b416bd-font-size );font-weight:var( --e-global-typography-4b416bd-font-weight );line-height:var( --e-global-typography-4b416bd-line-height );color:#FFFFFF;}.elementor-2658 .elementor-element.elementor-element-76a86e8{padding:0% 22% 0% 22%;text-align:center;font-family:var( --e-global-typography-text-font-family ), Sans-serif;font-size:var( --e-global-typography-text-font-size );font-weight:var( --e-global-typography-text-font-weight );line-height:var( --e-global-typography-text-line-height );color:#FFFFFF;}.elementor-2658 .elementor-element.elementor-element-28440b8 .elementor-button{background-color:var( --e-global-color-accent );font-family:var( --e-global-typography-a48ae84-font-family ), Sans-serif;font-size:var( --e-global-typography-a48ae84-font-size );font-weight:var( --e-global-typography-a48ae84-font-weight );text-transform:var( --e-global-typography-a48ae84-text-transform );line-height:var( --e-global-typography-a48ae84-line-height );letter-spacing:var( --e-global-typography-a48ae84-letter-spacing );fill:var( --e-global-color-e5c8540 );color:var( --e-global-color-e5c8540 );border-radius:0px 0px 0px 0px;padding:20px 40px 20px 40px;}.elementor-2658 .elementor-element.elementor-element-28440b8 .elementor-button:hover, .elementor-2658 .elementor-element.elementor-element-28440b8 .elementor-button:focus{background-color:var( --e-global-color-e5c8540 );color:var( --e-global-color-primary );}.elementor-2658 .elementor-element.elementor-element-28440b8{margin:10px 0px calc(var(--kit-widget-spacing, 0px) + 0px) 0px;}.elementor-2658 .elementor-element.elementor-element-28440b8 .elementor-button:hover svg, .elementor-2658 .elementor-element.elementor-element-28440b8 .elementor-button:focus svg{fill:var( --e-global-color-primary );}@media(min-width:768px){.elementor-2658 .elementor-element.elementor-element-18ac592{--content-width:1170px;}}@media(min-width:1025px){.elementor-2658 .elementor-element.elementor-element-18ac592:not(.elementor-motion-effects-element-type-background), .elementor-2658 .elementor-element.elementor-element-18ac592 > .elementor-motion-effects-container > .elementor-motion-effects-layer{background-attachment:fixed;}}@media(max-width:1024px){.elementor-2658 .elementor-element.elementor-element-18ac592{--padding-top:80px;--padding-bottom:80px;--padding-left:0px;--padding-right:0px;}.elementor-2658 .elementor-element.elementor-element-99faf25{margin:0px 10px calc(var(--kit-widget-spacing, 0px) + 0px) 10px;}.elementor-2658 .elementor-element.elementor-element-99faf25 .elementor-heading-title{font-size:var( --e-global-typography-4b416bd-font-size );line-height:var( --e-global-typography-4b416bd-line-height );}.elementor-2658 .elementor-element.elementor-element-76a86e8{padding:0% 10% 0% 10%;font-size:var( --e-global-typography-text-font-size );line-height:var( --e-global-typography-text-line-height );}.elementor-2658 .elementor-element.elementor-element-28440b8 .elementor-button{font-size:var( --e-global-typography-a48ae84-font-size );line-height:var( --e-global-typography-a48ae84-line-height );letter-spacing:var( --e-global-typography-a48ae84-letter-spacing );}}@media(max-width:767px){.elementor-2658 .elementor-element.elementor-element-18ac592{--padding-top:40px;--padding-bottom:40px;--padding-left:10px;--padding-right:10px;}.elementor-2658 .elementor-element.elementor-element-99faf25{margin:0px 0px calc(var(--kit-widget-spacing, 0px) + 0px) 0px;}.elementor-2658 .elementor-element.elementor-element-99faf25 .elementor-heading-title{font-size:var( --e-global-typography-4b416bd-font-size );line-height:var( --e-global-typography-4b416bd-line-height );}.elementor-2658 .elementor-element.elementor-element-76a86e8{padding:0px 0px 0px 0px;font-size:var( --e-global-typography-text-font-size );line-height:var( --e-global-typography-text-line-height );}.elementor-2658 .elementor-element.elementor-element-28440b8 .elementor-button{font-size:var( --e-global-typography-a48ae84-font-size );line-height:var( --e-global-typography-a48ae84-line-height );letter-spacing:var( --e-global-typography-a48ae84-letter-spacing );padding:18px 32px 18px 32px;}}<\/style>\t\t<div data-elementor-type=\"wp-page\" data-elementor-id=\"2658\" class=\"elementor elementor-2658\" data-elementor-post-type=\"page\">\n\t\t\t\t<div class=\"elementor-element elementor-element-18ac592 e-flex e-con-boxed wpr-particle-no wpr-jarallax-no wpr-parallax-no wpr-sticky-section-no e-con e-parent\" data-id=\"18ac592\" data-element_type=\"container\" data-settings=\"{&quot;background_background&quot;:&quot;classic&quot;}\">\n\t\t\t\t\t<div class=\"e-con-inner\">\n\t\t<div class=\"elementor-element elementor-element-adee793 e-con-full e-flex wpr-particle-no wpr-jarallax-no wpr-parallax-no wpr-sticky-section-no e-con e-child\" data-id=\"adee793\" data-element_type=\"container\">\n\t\t\t\t<div class=\"elementor-element elementor-element-99faf25 elementor-widget__width-initial elementor-invisible elementor-widget elementor-widget-heading\" data-id=\"99faf25\" data-element_type=\"widget\" data-settings=\"{&quot;_animation&quot;:&quot;fadeInUp&quot;}\" data-widget_type=\"heading.default\">\n\t\t\t\t\t<h2 class=\"elementor-heading-title elementor-size-default\">Kontaktieren Sie noch heute unseren Experten f\u00fcr Betrugspr\u00e4vention!\n<\/h2>\t\t\t\t<\/div>\n\t\t\t\t<div class=\"elementor-element elementor-element-76a86e8 elementor-widget elementor-widget-text-editor\" data-id=\"76a86e8\" data-element_type=\"widget\" data-widget_type=\"text-editor.default\">\n\t\t\t\t\t\t\t\t\tIn der heutigen globalisierten Welt kennen rechtliche Risiken keine Grenzen, digitale Systeme sind anf\u00e4llig f\u00fcr Datenlecks, und viele Menschen f\u00fchlen sich hilflos. Ohne spezialisierte Rechtsberatung werden Rechte m\u00f6glicherweise nicht gewahrt, und Entsch\u00e4digungen k\u00f6nnen sich verz\u00f6gern oder verweigert werden. Wir helfen Ihnen, Zugang zu Rechtsberatung zu erhalten, Klarheit zu gewinnen und wirksame Ma\u00dfnahmen zu ergreifen.\t\t\t\t\t\t\t\t<\/div>\n\t\t\t\t<div class=\"elementor-element elementor-element-28440b8 elementor-align-center elementor-widget elementor-widget-button\" data-id=\"28440b8\" data-element_type=\"widget\" data-widget_type=\"button.default\">\n\t\t\t\t\t\t\t\t\t\t<a class=\"elementor-button elementor-button-link elementor-size-sm elementor-animation-float\" href=\"https:\/\/whatsform.com\/chb5ac\">\n\t\t\t\t\t\t<span class=\"elementor-button-content-wrapper\">\n\t\t\t\t\t\t\t\t\t<span class=\"elementor-button-text\">KONTAKTIEREN SIE UNS<\/span>\n\t\t\t\t\t<\/span>\n\t\t\t\t\t<\/a>\n\t\t\t\t\t\t\t\t<\/div>\n\t\t\t\t<\/div>\n\t\t\t\t\t<\/div>\n\t\t\t\t<\/div>\n\t\t\t\t<\/div>","protected":false},"excerpt":{"rendered":"<p>Contatta oggi stesso il nostro esperto nella prevenzione delle frodi! Nel mondo globalizzato di oggi, i rischi legali trascendono i confini, i sistemi digitali sono soggetti a fughe di dati e le persone spesso si sentono impotenti. Senza una consulenza legale specializzata, i diritti potrebbero non essere rispettati e il risarcimento potrebbe essere ritardato o negato. Ti aiutiamo ad accedere a una consulenza legale, a ottenere chiarezza e ad agire in modo efficace. KONTAKTIEREN SIE UNS<\/p>","protected":false},"author":1,"featured_media":0,"parent":0,"menu_order":0,"comment_status":"closed","ping_status":"closed","template":"elementor_header_footer","meta":{"footnotes":""},"class_list":["post-2658","page","type-page","status-publish","hentry"],"blocksy_meta":{"has_hero_section":"disabled","vertical_spacing_source":"custom","content_area_spacing":"none","styles_descriptor":{"styles":{"desktop":"","tablet":"","mobile":""},"google_fonts":[],"version":6}},"_links":{"self":[{"href":"https:\/\/justicevelo.com\/de\/wp-json\/wp\/v2\/pages\/2658","targetHints":{"allow":["GET"]}}],"collection":[{"href":"https:\/\/justicevelo.com\/de\/wp-json\/wp\/v2\/pages"}],"about":[{"href":"https:\/\/justicevelo.com\/de\/wp-json\/wp\/v2\/types\/page"}],"author":[{"embeddable":true,"href":"https:\/\/justicevelo.com\/de\/wp-json\/wp\/v2\/users\/1"}],"replies":[{"embeddable":true,"href":"https:\/\/justicevelo.com\/de\/wp-json\/wp\/v2\/comments?post=2658"}],"version-history":[{"count":10,"href":"https:\/\/justicevelo.com\/de\/wp-json\/wp\/v2\/pages\/2658\/revisions"}],"predecessor-version":[{"id":2733,"href":"https:\/\/justicevelo.com\/de\/wp-json\/wp\/v2\/pages\/2658\/revisions\/2733"}],"wp:attachment":[{"href":"https:\/\/justicevelo.com\/de\/wp-json\/wp\/v2\/media?parent=2658"}],"curies":[{"name":"wp","href":"https:\/\/api.w.org\/{rel}","templated":true}]}}