{"id":2657,"date":"2026-01-03T12:40:00","date_gmt":"2026-01-03T04:40:00","guid":{"rendered":"https:\/\/justicevelo.com\/?page_id=2657"},"modified":"2026-01-03T22:04:36","modified_gmt":"2026-01-03T14:04:36","slug":"testimonials","status":"publish","type":"page","link":"https:\/\/justicevelo.com\/de\/testimonials\/","title":{"rendered":"Testimonials"},"content":{"rendered":"<style>.elementor-2657 .elementor-element.elementor-element-bb33d60{--display:flex;--flex-direction:row;--container-widget-width:calc( ( 1 - var( --container-widget-flex-grow ) ) * 100% );--container-widget-height:100%;--container-widget-flex-grow:1;--container-widget-align-self:stretch;--flex-wrap-mobile:wrap;--align-items:stretch;--gap:10px 10px;--row-gap:10px;--column-gap:10px;border-style:solid;--border-style:solid;border-width:1px 0px 0px 0px;--border-top-width:1px;--border-right-width:0px;--border-bottom-width:0px;--border-left-width:0px;border-color:var( --e-global-color-b6d2542 );--border-color:var( --e-global-color-b6d2542 );--padding-top:80px;--padding-bottom:100px;--padding-left:0px;--padding-right:0px;}.elementor-2657 .elementor-element.elementor-element-9dc79f0{--display:flex;--padding-top:10px;--padding-bottom:10px;--padding-left:10px;--padding-right:40px;}.elementor-2657 .elementor-element.elementor-element-ff3ae3b .elementor-heading-title{font-family:var( --e-global-typography-997f697-font-family ), Sans-serif;font-size:var( --e-global-typography-997f697-font-size );font-weight:var( --e-global-typography-997f697-font-weight );line-height:var( --e-global-typography-997f697-line-height );color:var( --e-global-color-accent );}.elementor-2657 .elementor-element.elementor-element-f25b952 .elementor-heading-title{font-family:var( --e-global-typography-secondary-font-family ), Sans-serif;font-size:var( --e-global-typography-secondary-font-size );font-weight:var( --e-global-typography-secondary-font-weight );line-height:var( --e-global-typography-secondary-line-height );color:var( --e-global-color-primary );}.elementor-2657 .elementor-element.elementor-element-1032a43{font-family:var( --e-global-typography-text-font-family ), Sans-serif;font-size:var( --e-global-typography-text-font-size );font-weight:var( --e-global-typography-text-font-weight );line-height:var( --e-global-typography-text-line-height );color:var( --e-global-color-text );}.elementor-2657 .elementor-element.elementor-element-a38e528{--display:flex;}.elementor-2657 .elementor-element.elementor-element-81b1f06 .jeg-elementor-kit.jkit-testimonials .testimonials-track .testimonial-item .testimonial-box{background-color:var( --e-global-color-primary );text-align:left;margin:15px 10px 15px 10px;padding:10px 40px 40px 40px;border-radius:0px 0px 0px 0px;box-shadow:0px 3px 15px 0px rgba(0, 0, 0, 0.1);}.elementor-2657 .elementor-element.elementor-element-81b1f06 .jeg-elementor-kit.jkit-testimonials.style-1 .testimonials-track .testimonial-item .testimonial-box .testimonial-slider::before{border-radius:0px 0px 0px 0px;}.elementor-2657 .elementor-element.elementor-element-81b1f06 .jeg-elementor-kit.jkit-testimonials .testimonials-track .testimonial-item .testimonial-box .comment-content p{font-family:var( --e-global-typography-5702cc8-font-family ), Sans-serif;font-size:var( --e-global-typography-5702cc8-font-size );font-weight:var( --e-global-typography-5702cc8-font-weight );font-style:var( --e-global-typography-5702cc8-font-style );line-height:var( --e-global-typography-5702cc8-line-height );color:var( --e-global-color-3b27d12 );}.elementor-2657 .elementor-element.elementor-element-81b1f06 .jeg-elementor-kit.jkit-testimonials.quote-override .testimonials-track .testimonial-item .testimonial-box .icon-content{top:160px;left:200px;}.elementor-2657 .elementor-element.elementor-element-81b1f06 .jeg-elementor-kit.jkit-testimonials .testimonials-track .testimonial-item .testimonial-box .icon-content{color:#CA86460F;font-size:124px;}.elementor-2657 .elementor-element.elementor-element-81b1f06 .jeg-elementor-kit.jkit-testimonials .testimonials-track .testimonial-item .testimonial-box .icon-content svg{fill:#CA86460F;width:124px;}.elementor-2657 .elementor-element.elementor-element-81b1f06 .jeg-elementor-kit.jkit-testimonials .testimonials-track .testimonial-item .testimonial-box .profile-info .profile-name{color:var( --e-global-color-e5c8540 );font-family:var( --e-global-typography-4e452f7-font-family ), Sans-serif;font-size:var( --e-global-typography-4e452f7-font-size );font-weight:var( --e-global-typography-4e452f7-font-weight );line-height:var( --e-global-typography-4e452f7-line-height );margin-bottom:5px;}.elementor-2657 .elementor-element.elementor-element-81b1f06 .jeg-elementor-kit.jkit-testimonials .testimonials-track .testimonial-item .testimonial-box .profile-info .profile-des{color:var( --e-global-color-3b27d12 );font-family:var( --e-global-typography-7f7fd94-font-family ), Sans-serif;font-size:var( --e-global-typography-7f7fd94-font-size );font-weight:var( --e-global-typography-7f7fd94-font-weight );line-height:var( --e-global-typography-7f7fd94-line-height );}.elementor-2657 .elementor-element.elementor-element-81b1f06 .jeg-elementor-kit.jkit-testimonials .testimonials-track .testimonial-item .testimonial-box .profile-image img{margin:-20px 0px 0px 0px;width:60px;}.elementor-2657 .elementor-element.elementor-element-81b1f06 .jeg-elementor-kit.jkit-testimonials .testimonials-track .testimonial-item .testimonial-box .profile-image img.source-url{height:60px;}.elementor-2657 .elementor-element.elementor-element-81b1f06 .jeg-elementor-kit.jkit-testimonials .tns-controls button span{opacity:100%;}.elementor-2657 .elementor-element.elementor-element-81b1f06 .jeg-elementor-kit.jkit-testimonials:hover .tns-controls button span{opacity:100%;}.elementor-2657 .elementor-element.elementor-element-81b1f06 .jeg-elementor-kit.jkit-testimonials .tns-nav{text-align:center;}@media(max-width:1024px){.elementor-2657 .elementor-element.elementor-element-bb33d60{--padding-top:80px;--padding-bottom:60px;--padding-left:10px;--padding-right:10px;}.elementor-2657 .elementor-element.elementor-element-9dc79f0{--padding-top:10px;--padding-bottom:10px;--padding-left:10px;--padding-right:10px;}.elementor-2657 .elementor-element.elementor-element-ff3ae3b{text-align:center;}.elementor-2657 .elementor-element.elementor-element-ff3ae3b .elementor-heading-title{font-size:var( --e-global-typography-997f697-font-size );line-height:var( --e-global-typography-997f697-line-height );}.elementor-2657 .elementor-element.elementor-element-f25b952{text-align:center;}.elementor-2657 .elementor-element.elementor-element-f25b952 .elementor-heading-title{font-size:var( --e-global-typography-secondary-font-size );line-height:var( --e-global-typography-secondary-line-height );}.elementor-2657 .elementor-element.elementor-element-1032a43{padding:0% 13% 0% 13%;text-align:center;font-size:var( --e-global-typography-text-font-size );line-height:var( --e-global-typography-text-line-height );}.elementor-2657 .elementor-element.elementor-element-a38e528{--margin-top:40px;--margin-bottom:0px;--margin-left:0px;--margin-right:0px;--padding-top:0px;--padding-bottom:0px;--padding-left:0px;--padding-right:0px;}.elementor-2657 .elementor-element.elementor-element-81b1f06 .jeg-elementor-kit.jkit-testimonials .testimonials-track .testimonial-item .testimonial-box .comment-content p{font-size:var( --e-global-typography-5702cc8-font-size );line-height:var( --e-global-typography-5702cc8-line-height );}.elementor-2657 .elementor-element.elementor-element-81b1f06 .jeg-elementor-kit.jkit-testimonials .testimonials-track .testimonial-item .testimonial-box .profile-info .profile-name{font-size:var( --e-global-typography-4e452f7-font-size );line-height:var( --e-global-typography-4e452f7-line-height );}.elementor-2657 .elementor-element.elementor-element-81b1f06 .jeg-elementor-kit.jkit-testimonials .testimonials-track .testimonial-item .testimonial-box .profile-info .profile-des{font-size:var( --e-global-typography-7f7fd94-font-size );line-height:var( --e-global-typography-7f7fd94-line-height );}}@media(max-width:767px){.elementor-2657 .elementor-element.elementor-element-bb33d60{--padding-top:40px;--padding-bottom:30px;--padding-left:10px;--padding-right:10px;}.elementor-2657 .elementor-element.elementor-element-ff3ae3b .elementor-heading-title{font-size:var( --e-global-typography-997f697-font-size );line-height:var( --e-global-typography-997f697-line-height );}.elementor-2657 .elementor-element.elementor-element-f25b952 .elementor-heading-title{font-size:var( --e-global-typography-secondary-font-size );line-height:var( --e-global-typography-secondary-line-height );}.elementor-2657 .elementor-element.elementor-element-1032a43{padding:0px 0px 0px 0px;font-size:var( --e-global-typography-text-font-size );line-height:var( --e-global-typography-text-line-height );}.elementor-2657 .elementor-element.elementor-element-a38e528{--margin-top:0px;--margin-bottom:0px;--margin-left:0px;--margin-right:0px;}.elementor-2657 .elementor-element.elementor-element-81b1f06 .jeg-elementor-kit.jkit-testimonials .testimonials-track .testimonial-item .testimonial-box{padding:0px 30px 30px 30px;}.elementor-2657 .elementor-element.elementor-element-81b1f06 .jeg-elementor-kit.jkit-testimonials .testimonials-track .testimonial-item .testimonial-box .comment-content p{font-size:var( --e-global-typography-5702cc8-font-size );line-height:var( --e-global-typography-5702cc8-line-height );}.elementor-2657 .elementor-element.elementor-element-81b1f06 .jeg-elementor-kit.jkit-testimonials.quote-override .testimonials-track .testimonial-item .testimonial-box .icon-content{top:117px;left:210px;}.elementor-2657 .elementor-element.elementor-element-81b1f06 .jeg-elementor-kit.jkit-testimonials .testimonials-track .testimonial-item .testimonial-box .icon-content{font-size:30px;}.elementor-2657 .elementor-element.elementor-element-81b1f06 .jeg-elementor-kit.jkit-testimonials .testimonials-track .testimonial-item .testimonial-box .icon-content svg{width:30px;}.elementor-2657 .elementor-element.elementor-element-81b1f06 .jeg-elementor-kit.jkit-testimonials .testimonials-track .testimonial-item .testimonial-box .profile-info .profile-name{font-size:var( --e-global-typography-4e452f7-font-size );line-height:var( --e-global-typography-4e452f7-line-height );}.elementor-2657 .elementor-element.elementor-element-81b1f06 .jeg-elementor-kit.jkit-testimonials .testimonials-track .testimonial-item .testimonial-box .profile-info .profile-des{font-size:var( --e-global-typography-7f7fd94-font-size );line-height:var( --e-global-typography-7f7fd94-line-height );}}@media(min-width:768px){.elementor-2657 .elementor-element.elementor-element-bb33d60{--content-width:1170px;}.elementor-2657 .elementor-element.elementor-element-9dc79f0{--width:36.752%;}.elementor-2657 .elementor-element.elementor-element-a38e528{--width:63.248%;}}@media(max-width:1024px) and (min-width:768px){.elementor-2657 .elementor-element.elementor-element-9dc79f0{--width:100%;}.elementor-2657 .elementor-element.elementor-element-a38e528{--width:100%;}}@media (min-width: 1025px) {.elementor-element.elementor-element-81b1f06 .jeg-elementor-kit.jkit-testimonials .testimonials-track:not(.tns-slider) { display: flex; flex-direction: row; } }@media (min-width: 1025px) {.elementor-element.elementor-element-81b1f06 .jeg-elementor-kit.jkit-testimonials .testimonials-track:not(.tns-slider) .testimonial-item { width: calc(2) } }@media (min-width: 1025px) {.elementor-element.elementor-element-81b1f06 .jeg-elementor-kit.jkit-testimonials .testimonials-track:not(.tns-slider) .testimonial-item:nth-child(n+3) { display: none; } }@media (min-width: 1025px) {.elementor-element.elementor-element-81b1f06 .jeg-elementor-kit.jkit-testimonials .testimonials-track:not(.tns-slider):not(:nth-child(2)) { margin-right: 10px; } }@media (min-width: 768px) and (max-width: 1024px) {.elementor-element.elementor-element-81b1f06 .jeg-elementor-kit.jkit-testimonials .testimonials-track:not(.tns-slider) { display: flex; flex-direction: row; } }@media (min-width: 768px) and (max-width: 1024px) {.elementor-element.elementor-element-81b1f06 .jeg-elementor-kit.jkit-testimonials .testimonials-track:not(.tns-slider) .testimonial-item { width: calc(2) } }@media (min-width: 768px) and (max-width: 1024px) {.elementor-element.elementor-element-81b1f06 .jeg-elementor-kit.jkit-testimonials .testimonials-track:not(.tns-slider) .testimonial-item:nth-child(n+3) { display: none; } }@media (min-width: 768px) and (max-width: 1024px) {.elementor-element.elementor-element-81b1f06 .jeg-elementor-kit.jkit-testimonials .testimonials-track:not(.tns-slider):not(:nth-child(2)) { margin-right: 10px; } }@media (max-width: 767px) {.elementor-element.elementor-element-81b1f06 .jeg-elementor-kit.jkit-testimonials .testimonials-track:not(.tns-slider) { display: flex; flex-direction: row; } }@media (max-width: 767px) {.elementor-element.elementor-element-81b1f06 .jeg-elementor-kit.jkit-testimonials .testimonials-track:not(.tns-slider) .testimonial-item { width: calc(1) } }@media (max-width: 767px) {.elementor-element.elementor-element-81b1f06 .jeg-elementor-kit.jkit-testimonials .testimonials-track:not(.tns-slider) .testimonial-item:nth-child(n+2) { display: none; } }@media (max-width: 767px) {.elementor-element.elementor-element-81b1f06 .jeg-elementor-kit.jkit-testimonials .testimonials-track:not(.tns-slider):not(:nth-child(1)) { margin-right: 10px; } }<\/style>\t\t<div data-elementor-type=\"wp-page\" data-elementor-id=\"2657\" class=\"elementor elementor-2657\" data-elementor-post-type=\"page\">\n\t\t\t\t<div class=\"elementor-element elementor-element-bb33d60 e-flex e-con-boxed wpr-particle-no wpr-jarallax-no wpr-parallax-no wpr-sticky-section-no e-con e-parent\" data-id=\"bb33d60\" data-element_type=\"container\">\n\t\t\t\t\t<div class=\"e-con-inner\">\n\t\t<div class=\"elementor-element elementor-element-9dc79f0 e-con-full e-flex wpr-particle-no wpr-jarallax-no wpr-parallax-no wpr-sticky-section-no e-con e-child\" data-id=\"9dc79f0\" data-element_type=\"container\">\n\t\t\t\t<div class=\"elementor-element elementor-element-ff3ae3b animated-slow elementor-invisible elementor-widget elementor-widget-heading\" data-id=\"ff3ae3b\" data-element_type=\"widget\" data-settings=\"{&quot;_animation&quot;:&quot;fadeInLeft&quot;}\" data-widget_type=\"heading.default\">\n\t\t\t\t\t<h5 class=\"elementor-heading-title elementor-size-default\">Erfahrungsberichte<\/h5>\t\t\t\t<\/div>\n\t\t\t\t<div class=\"elementor-element elementor-element-f25b952 elementor-widget elementor-widget-heading\" data-id=\"f25b952\" data-element_type=\"widget\" data-widget_type=\"heading.default\">\n\t\t\t\t\t<h2 class=\"elementor-heading-title elementor-size-default\">Was sie sagen\n<\/h2>\t\t\t\t<\/div>\n\t\t\t\t<div class=\"elementor-element elementor-element-1032a43 elementor-widget elementor-widget-text-editor\" data-id=\"1032a43\" data-element_type=\"widget\" data-widget_type=\"text-editor.default\">\n\t\t\t\t\t\t\t\t\tH\u00f6ren Sie, was unsere Kunden \u00fcber uns sagen. Sie waren frustriert und traurig \u00fcber ihren Verlust. Dank unserer Hilfe konnten sie das Verlorene erfolgreich wiedererlangen.\t\t\t\t\t\t\t\t<\/div>\n\t\t\t\t<\/div>\n\t\t<div class=\"elementor-element elementor-element-a38e528 e-con-full e-flex wpr-particle-no wpr-jarallax-no wpr-parallax-no wpr-sticky-section-no e-con e-child\" data-id=\"a38e528\" data-element_type=\"container\">\n\t\t\t\t<div class=\"elementor-element elementor-element-81b1f06 elementor-widget elementor-widget-jkit_testimonials\" data-id=\"81b1f06\" data-element_type=\"widget\" data-widget_type=\"jkit_testimonials.default\">\n\t\t\t\t\t<div  class=\"jeg-elementor-kit jkit-testimonials arrow-middle-edge style-2 quote-override jeg_module___69e4899f6b679\"  data-id=\"jeg_module___69e4899f6b679\" data-settings=\"{&quot;autoplay&quot;:true,&quot;autoplay_speed&quot;:3500,&quot;autoplay_hover_pause&quot;:false,&quot;show_navigation&quot;:false,&quot;navigation_left&quot;:&quot;&lt;span&gt;&lt;svg aria-hidden=\\&quot;true\\&quot; class=\\&quot;e-font-icon-svg e-fas-angle-left\\&quot; viewBox=\\&quot;0 0 256 512\\&quot; xmlns=\\&quot;http:\\\/\\\/www.w3.org\\\/2000\\\/svg\\&quot;&gt;&lt;path d=\\&quot;M31.7 239l136-136c9.4-9.4 24.6-9.4 33.9 0l22.6 22.6c9.4 9.4 9.4 24.6 0 33.9L127.9 256l96.4 96.4c9.4 9.4 9.4 24.6 0 33.9L201.7 409c-9.4 9.4-24.6 9.4-33.9 0l-136-136c-9.5-9.4-9.5-24.6-.1-34z\\&quot;&gt;&lt;\\\/path&gt;&lt;\\\/svg&gt;&lt;\\\/span&gt;&quot;,&quot;navigation_right&quot;:&quot;&lt;span&gt;&lt;svg aria-hidden=\\&quot;true\\&quot; class=\\&quot;e-font-icon-svg e-fas-angle-right\\&quot; viewBox=\\&quot;0 0 256 512\\&quot; xmlns=\\&quot;http:\\\/\\\/www.w3.org\\\/2000\\\/svg\\&quot;&gt;&lt;path d=\\&quot;M224.3 273l-136 136c-9.4 9.4-24.6 9.4-33.9 0l-22.6-22.6c-9.4-9.4-9.4-24.6 0-33.9l96.4-96.4-96.4-96.4c-9.4-9.4-9.4-24.6 0-33.9L54.3 103c9.4-9.4 24.6-9.4 33.9 0l136 136c9.5 9.4 9.5 24.6.1 34z\\&quot;&gt;&lt;\\\/path&gt;&lt;\\\/svg&gt;&lt;\\\/span&gt;&quot;,&quot;show_dots&quot;:false,&quot;arrow_position&quot;:&quot;bottom&quot;,&quot;responsive&quot;:{&quot;desktop&quot;:{&quot;items&quot;:2,&quot;margin&quot;:10,&quot;breakpoint&quot;:1025},&quot;tablet&quot;:{&quot;items&quot;:2,&quot;margin&quot;:10,&quot;breakpoint&quot;:768},&quot;mobile&quot;:{&quot;items&quot;:1,&quot;margin&quot;:10,&quot;breakpoint&quot;:0}}}\"><div class=\"testimonials-list\">\n            <div class=\"testimonials-track\"><div class=\"testimonial-item  elementor-repeater-item-6e9b2e1\">\n                    <div class=\"testimonial-box hover-from-left\" >\n                        <div class=\"icon-content\"><i aria-hidden=\"true\" class=\"jki jki-quote-light\"><\/i><\/div>\n                    <div class=\"comment-content\"><p>Professionell, effizient und stets transparent. Jeder Schritt wurde mir klar erkl\u00e4rt, und mein Fall wurde mit Sorgfalt bearbeitet. Ich f\u00fchlte mich w\u00e4hrend des gesamten Prozesses gut betreut und unterst\u00fctzt.<\/p><\/div>\n                    <div class=\"comment-header\"><ul class=\"rating-stars\"><\/ul><\/div>\n                    <div class=\"comment-bio\"><div class=\"bio-details\">\n                <div class=\"profile-image\"><img fetchpriority=\"high\" decoding=\"async\" width=\"300\" height=\"199\" src=\"https:\/\/justicevelo.com\/wp-content\/uploads\/2026\/01\/portrait-of-confident-female-owner-of-restaurant-b-2024-10-19-17-38-37-utc-300x199.jpg\" class=\"source-library\" alt=\"Shawn Beltran\" url=\"https:\/\/justicevelo.com\/wp-content\/uploads\/2026\/01\/portrait-of-confident-female-owner-of-restaurant-b-2024-10-19-17-38-37-utc-scaled.jpg\" source=\"library\" srcset=\"https:\/\/justicevelo.com\/wp-content\/uploads\/2026\/01\/portrait-of-confident-female-owner-of-restaurant-b-2024-10-19-17-38-37-utc-300x199.jpg 300w, https:\/\/justicevelo.com\/wp-content\/uploads\/2026\/01\/portrait-of-confident-female-owner-of-restaurant-b-2024-10-19-17-38-37-utc-1024x681.jpg 1024w, https:\/\/justicevelo.com\/wp-content\/uploads\/2026\/01\/portrait-of-confident-female-owner-of-restaurant-b-2024-10-19-17-38-37-utc-768x511.jpg 768w, https:\/\/justicevelo.com\/wp-content\/uploads\/2026\/01\/portrait-of-confident-female-owner-of-restaurant-b-2024-10-19-17-38-37-utc-1536x1021.jpg 1536w, https:\/\/justicevelo.com\/wp-content\/uploads\/2026\/01\/portrait-of-confident-female-owner-of-restaurant-b-2024-10-19-17-38-37-utc-2048x1361.jpg 2048w\" sizes=\"(max-width: 300px) 100vw, 300px\" \/><\/div>\n                <span class=\"profile-info\">\n                    <strong class=\"profile-name\">Shawn Beltran<\/strong>\n                    <p class=\"profile-des\"><\/p>\n                <\/span>\n            <\/div><\/div>\n                    <\/div>\n                <\/div><div class=\"testimonial-item  elementor-repeater-item-1c4a96f\">\n                    <div class=\"testimonial-box hover-from-left\" >\n                        <div class=\"icon-content\"><i aria-hidden=\"true\" class=\"jki jki-quote-light\"><\/i><\/div>\n                    <div class=\"comment-content\"><p>Ihr Engagement und ihre Integrit\u00e4t waren vom ersten Tag an beeindruckend. Sie haben mich nicht nur rechtlich beraten, sondern auch aktiv meine Rechte verteidigt. Ich kann sie jedem w\u00e4rmstens empfehlen, der professionelle Rechtsberatung sucht.<\/p><\/div>\n                    <div class=\"comment-header\"><ul class=\"rating-stars\"><\/ul><\/div>\n                    <div class=\"comment-bio\"><div class=\"bio-details\">\n                <div class=\"profile-image\"><img decoding=\"async\" width=\"300\" height=\"200\" src=\"https:\/\/justicevelo.com\/wp-content\/uploads\/2026\/01\/portrait-of-female-owner-of-gift-store-standing-in-2024-10-19-06-46-24-utc-300x200.jpg\" class=\"source-library\" alt=\"Miya Hansen\" url=\"https:\/\/justicevelo.com\/wp-content\/uploads\/2026\/01\/portrait-of-female-owner-of-gift-store-standing-in-2024-10-19-06-46-24-utc-scaled.jpg\" source=\"library\" srcset=\"https:\/\/justicevelo.com\/wp-content\/uploads\/2026\/01\/portrait-of-female-owner-of-gift-store-standing-in-2024-10-19-06-46-24-utc-300x200.jpg 300w, https:\/\/justicevelo.com\/wp-content\/uploads\/2026\/01\/portrait-of-female-owner-of-gift-store-standing-in-2024-10-19-06-46-24-utc-1024x683.jpg 1024w, https:\/\/justicevelo.com\/wp-content\/uploads\/2026\/01\/portrait-of-female-owner-of-gift-store-standing-in-2024-10-19-06-46-24-utc-768x512.jpg 768w, https:\/\/justicevelo.com\/wp-content\/uploads\/2026\/01\/portrait-of-female-owner-of-gift-store-standing-in-2024-10-19-06-46-24-utc-1536x1024.jpg 1536w, https:\/\/justicevelo.com\/wp-content\/uploads\/2026\/01\/portrait-of-female-owner-of-gift-store-standing-in-2024-10-19-06-46-24-utc-2048x1365.jpg 2048w\" sizes=\"(max-width: 300px) 100vw, 300px\" \/><\/div>\n                <span class=\"profile-info\">\n                    <strong class=\"profile-name\">Miya Hansen<\/strong>\n                    <p class=\"profile-des\"><\/p>\n                <\/span>\n            <\/div><\/div>\n                    <\/div>\n                <\/div><\/div>\n        <\/div><\/div>\t\t\t\t<\/div>\n\t\t\t\t<\/div>\n\t\t\t\t\t<\/div>\n\t\t\t\t<\/div>\n\t\t\t\t<\/div>","protected":false},"excerpt":{"rendered":"<p>Testimonianze Quello che dicono Ascoltate cosa dicono di noi i nostri clienti. Erano frustrati e addolorati per la loro perdita. Con il nostro aiuto, sono riusciti a recuperare con successo ci\u00f2 che mancava loro. Professionali, efficienti e sempre trasparenti. Ogni passaggio mi \u00e8 stato spiegato chiaramente e il mio caso \u00e8 stato gestito con cura. Mi sono sentito seguito e supportato durante l&#8217;intero processo. Shawn Beltran La loro dedizione e integrit\u00e0 sono state impressionanti fin dal primo giorno. Non solo mi hanno fornito consulenza legale, ma hanno anche difeso attivamente i miei diritti. Altamente raccomandato a chiunque cerchi una consulenza legale professionale. Miya Hansen<\/p>","protected":false},"author":1,"featured_media":0,"parent":0,"menu_order":0,"comment_status":"closed","ping_status":"closed","template":"elementor_header_footer","meta":{"footnotes":""},"class_list":["post-2657","page","type-page","status-publish","hentry"],"blocksy_meta":{"has_hero_section":"disabled","vertical_spacing_source":"custom","content_area_spacing":"none","styles_descriptor":{"styles":{"desktop":"","tablet":"","mobile":""},"google_fonts":[],"version":6}},"_links":{"self":[{"href":"https:\/\/justicevelo.com\/de\/wp-json\/wp\/v2\/pages\/2657","targetHints":{"allow":["GET"]}}],"collection":[{"href":"https:\/\/justicevelo.com\/de\/wp-json\/wp\/v2\/pages"}],"about":[{"href":"https:\/\/justicevelo.com\/de\/wp-json\/wp\/v2\/types\/page"}],"author":[{"embeddable":true,"href":"https:\/\/justicevelo.com\/de\/wp-json\/wp\/v2\/users\/1"}],"replies":[{"embeddable":true,"href":"https:\/\/justicevelo.com\/de\/wp-json\/wp\/v2\/comments?post=2657"}],"version-history":[{"count":7,"href":"https:\/\/justicevelo.com\/de\/wp-json\/wp\/v2\/pages\/2657\/revisions"}],"predecessor-version":[{"id":2721,"href":"https:\/\/justicevelo.com\/de\/wp-json\/wp\/v2\/pages\/2657\/revisions\/2721"}],"wp:attachment":[{"href":"https:\/\/justicevelo.com\/de\/wp-json\/wp\/v2\/media?parent=2657"}],"curies":[{"name":"wp","href":"https:\/\/api.w.org\/{rel}","templated":true}]}}